{"id":20970,"date":"2017-03-07T15:38:21","date_gmt":"2017-03-07T15:38:21","guid":{"rendered":"http:\/\/sweetiq.com\/fr\/reseau-intelligent\/medical\/"},"modified":"2019-12-13T15:02:41","modified_gmt":"2019-12-13T15:02:41","slug":"medical","status":"publish","type":"page","link":"https:\/\/sweetiq.com\/fr\/reseau-intelligent\/medical\/","title":{"rendered":"Soins de sant\u00e9"},"content":{"rendered":"","protected":false},"excerpt":{"rendered":"","protected":false},"author":45,"featured_media":14532,"parent":15110,"menu_order":0,"comment_status":"closed","ping_status":"closed","template":"pages\/template-network_v2.php","meta":{"inline_featured_image":false,"footnotes":""},"class_list":["post-20970","page","type-page","status-publish","has-post-thumbnail","hentry"],"yoast_head":"<!-- This site is optimized with the Yoast SEO plugin v27.3 - https:\/\/yoast.com\/product\/yoast-seo-wordpress\/ -->\n<title>Soins de sant\u00e9 - SweetIQ<\/title>\n<meta name=\"description\" content=\"Faire confiance \u00e0 quelqu\u2019un pour s\u2019occuper de votre sant\u00e9 est une d\u00e9cision qui ne se prend pas \u00e0 la l\u00e9g\u00e8re, et les clients qui ont besoin de soins ont besoin de d\u00e9tails.\" \/>\n<meta name=\"robots\" content=\"index, follow, max-snippet:-1, max-image-preview:large, max-video-preview:-1\" \/>\n<link rel=\"canonical\" href=\"https:\/\/sweetiq.com\/fr\/reseau-intelligent\/medical\/\" \/>\n<meta property=\"og:locale\" content=\"fr_FR\" \/>\n<meta property=\"og:type\" content=\"article\" \/>\n<meta property=\"og:title\" content=\"Soins de sant\u00e9 - SweetIQ\" \/>\n<meta property=\"og:description\" content=\"Faire confiance \u00e0 quelqu\u2019un pour s\u2019occuper de votre sant\u00e9 est une d\u00e9cision qui ne se prend pas \u00e0 la l\u00e9g\u00e8re, et les clients qui ont besoin de soins ont besoin de d\u00e9tails.\" \/>\n<meta property=\"og:url\" content=\"https:\/\/sweetiq.com\/fr\/reseau-intelligent\/medical\/\" \/>\n<meta property=\"og:site_name\" content=\"SweetIQ\" \/>\n<meta property=\"article:modified_time\" content=\"2019-12-13T15:02:41+00:00\" \/>\n<meta property=\"og:image\" content=\"https:\/\/sweetiq.com\/wp-content\/uploads\/2017\/03\/SmartNetwork_Medical_1.jpg\" \/>\n\t<meta property=\"og:image:width\" content=\"1920\" \/>\n\t<meta property=\"og:image:height\" content=\"536\" \/>\n\t<meta property=\"og:image:type\" content=\"image\/jpeg\" \/>\n<meta name=\"twitter:card\" content=\"summary_large_image\" \/>\n<script type=\"application\/ld+json\" class=\"yoast-schema-graph\">{\"@context\":\"https:\\\/\\\/schema.org\",\"@graph\":[{\"@type\":\"WebPage\",\"@id\":\"https:\\\/\\\/sweetiq.com\\\/fr\\\/reseau-intelligent\\\/medical\\\/\",\"url\":\"https:\\\/\\\/sweetiq.com\\\/fr\\\/reseau-intelligent\\\/medical\\\/\",\"name\":\"Soins de sant\u00e9 - SweetIQ\",\"isPartOf\":{\"@id\":\"https:\\\/\\\/sweetiq.com\\\/#website\"},\"primaryImageOfPage\":{\"@id\":\"https:\\\/\\\/sweetiq.com\\\/fr\\\/reseau-intelligent\\\/medical\\\/#primaryimage\"},\"image\":{\"@id\":\"https:\\\/\\\/sweetiq.com\\\/fr\\\/reseau-intelligent\\\/medical\\\/#primaryimage\"},\"thumbnailUrl\":\"https:\\\/\\\/sweetiq.com\\\/wp-content\\\/uploads\\\/2017\\\/03\\\/SmartNetwork_Medical_1.jpg\",\"datePublished\":\"2017-03-07T15:38:21+00:00\",\"dateModified\":\"2019-12-13T15:02:41+00:00\",\"description\":\"Faire confiance \u00e0 quelqu\u2019un pour s\u2019occuper de votre sant\u00e9 est une d\u00e9cision qui ne se prend pas \u00e0 la l\u00e9g\u00e8re, et les clients qui ont besoin de soins ont besoin de d\u00e9tails.\",\"breadcrumb\":{\"@id\":\"https:\\\/\\\/sweetiq.com\\\/fr\\\/reseau-intelligent\\\/medical\\\/#breadcrumb\"},\"inLanguage\":\"fr-FR\",\"potentialAction\":[{\"@type\":\"ReadAction\",\"target\":[\"https:\\\/\\\/sweetiq.com\\\/fr\\\/reseau-intelligent\\\/medical\\\/\"]}]},{\"@type\":\"ImageObject\",\"inLanguage\":\"fr-FR\",\"@id\":\"https:\\\/\\\/sweetiq.com\\\/fr\\\/reseau-intelligent\\\/medical\\\/#primaryimage\",\"url\":\"https:\\\/\\\/sweetiq.com\\\/wp-content\\\/uploads\\\/2017\\\/03\\\/SmartNetwork_Medical_1.jpg\",\"contentUrl\":\"https:\\\/\\\/sweetiq.com\\\/wp-content\\\/uploads\\\/2017\\\/03\\\/SmartNetwork_Medical_1.jpg\",\"width\":1920,\"height\":536},{\"@type\":\"BreadcrumbList\",\"@id\":\"https:\\\/\\\/sweetiq.com\\\/fr\\\/reseau-intelligent\\\/medical\\\/#breadcrumb\",\"itemListElement\":[{\"@type\":\"ListItem\",\"position\":1,\"name\":\"Home\",\"item\":\"https:\\\/\\\/sweetiq.com\\\/fr\\\/\"},{\"@type\":\"ListItem\",\"position\":2,\"name\":\"LE R\u00c9SEAU INTELLIGENT\",\"item\":\"https:\\\/\\\/sweetiq.com\\\/fr\\\/reseau-intelligent\\\/\"},{\"@type\":\"ListItem\",\"position\":3,\"name\":\"Soins de sant\u00e9\"}]},{\"@type\":\"WebSite\",\"@id\":\"https:\\\/\\\/sweetiq.com\\\/#website\",\"url\":\"https:\\\/\\\/sweetiq.com\\\/\",\"name\":\"SweetIQ\",\"description\":\"Local Marketing Platform\",\"potentialAction\":[{\"@type\":\"SearchAction\",\"target\":{\"@type\":\"EntryPoint\",\"urlTemplate\":\"https:\\\/\\\/sweetiq.com\\\/?s={search_term_string}\"},\"query-input\":{\"@type\":\"PropertyValueSpecification\",\"valueRequired\":true,\"valueName\":\"search_term_string\"}}],\"inLanguage\":\"fr-FR\"}]}<\/script>\n<!-- \/ Yoast SEO plugin. -->","yoast_head_json":{"title":"Soins de sant\u00e9 - SweetIQ","description":"Faire confiance \u00e0 quelqu\u2019un pour s\u2019occuper de votre sant\u00e9 est une d\u00e9cision qui ne se prend pas \u00e0 la l\u00e9g\u00e8re, et les clients qui ont besoin de soins ont besoin de d\u00e9tails.","robots":{"index":"index","follow":"follow","max-snippet":"max-snippet:-1","max-image-preview":"max-image-preview:large","max-video-preview":"max-video-preview:-1"},"canonical":"https:\/\/sweetiq.com\/fr\/reseau-intelligent\/medical\/","og_locale":"fr_FR","og_type":"article","og_title":"Soins de sant\u00e9 - SweetIQ","og_description":"Faire confiance \u00e0 quelqu\u2019un pour s\u2019occuper de votre sant\u00e9 est une d\u00e9cision qui ne se prend pas \u00e0 la l\u00e9g\u00e8re, et les clients qui ont besoin de soins ont besoin de d\u00e9tails.","og_url":"https:\/\/sweetiq.com\/fr\/reseau-intelligent\/medical\/","og_site_name":"SweetIQ","article_modified_time":"2019-12-13T15:02:41+00:00","og_image":[{"width":1920,"height":536,"url":"https:\/\/sweetiq.com\/wp-content\/uploads\/2017\/03\/SmartNetwork_Medical_1.jpg","type":"image\/jpeg"}],"twitter_card":"summary_large_image","schema":{"@context":"https:\/\/schema.org","@graph":[{"@type":"WebPage","@id":"https:\/\/sweetiq.com\/fr\/reseau-intelligent\/medical\/","url":"https:\/\/sweetiq.com\/fr\/reseau-intelligent\/medical\/","name":"Soins de sant\u00e9 - SweetIQ","isPartOf":{"@id":"https:\/\/sweetiq.com\/#website"},"primaryImageOfPage":{"@id":"https:\/\/sweetiq.com\/fr\/reseau-intelligent\/medical\/#primaryimage"},"image":{"@id":"https:\/\/sweetiq.com\/fr\/reseau-intelligent\/medical\/#primaryimage"},"thumbnailUrl":"https:\/\/sweetiq.com\/wp-content\/uploads\/2017\/03\/SmartNetwork_Medical_1.jpg","datePublished":"2017-03-07T15:38:21+00:00","dateModified":"2019-12-13T15:02:41+00:00","description":"Faire confiance \u00e0 quelqu\u2019un pour s\u2019occuper de votre sant\u00e9 est une d\u00e9cision qui ne se prend pas \u00e0 la l\u00e9g\u00e8re, et les clients qui ont besoin de soins ont besoin de d\u00e9tails.","breadcrumb":{"@id":"https:\/\/sweetiq.com\/fr\/reseau-intelligent\/medical\/#breadcrumb"},"inLanguage":"fr-FR","potentialAction":[{"@type":"ReadAction","target":["https:\/\/sweetiq.com\/fr\/reseau-intelligent\/medical\/"]}]},{"@type":"ImageObject","inLanguage":"fr-FR","@id":"https:\/\/sweetiq.com\/fr\/reseau-intelligent\/medical\/#primaryimage","url":"https:\/\/sweetiq.com\/wp-content\/uploads\/2017\/03\/SmartNetwork_Medical_1.jpg","contentUrl":"https:\/\/sweetiq.com\/wp-content\/uploads\/2017\/03\/SmartNetwork_Medical_1.jpg","width":1920,"height":536},{"@type":"BreadcrumbList","@id":"https:\/\/sweetiq.com\/fr\/reseau-intelligent\/medical\/#breadcrumb","itemListElement":[{"@type":"ListItem","position":1,"name":"Home","item":"https:\/\/sweetiq.com\/fr\/"},{"@type":"ListItem","position":2,"name":"LE R\u00c9SEAU INTELLIGENT","item":"https:\/\/sweetiq.com\/fr\/reseau-intelligent\/"},{"@type":"ListItem","position":3,"name":"Soins de sant\u00e9"}]},{"@type":"WebSite","@id":"https:\/\/sweetiq.com\/#website","url":"https:\/\/sweetiq.com\/","name":"SweetIQ","description":"Local Marketing Platform","potentialAction":[{"@type":"SearchAction","target":{"@type":"EntryPoint","urlTemplate":"https:\/\/sweetiq.com\/?s={search_term_string}"},"query-input":{"@type":"PropertyValueSpecification","valueRequired":true,"valueName":"search_term_string"}}],"inLanguage":"fr-FR"}]}},"_links":{"self":[{"href":"https:\/\/sweetiq.com\/fr\/wp-json\/wp\/v2\/pages\/20970","targetHints":{"allow":["GET"]}}],"collection":[{"href":"https:\/\/sweetiq.com\/fr\/wp-json\/wp\/v2\/pages"}],"about":[{"href":"https:\/\/sweetiq.com\/fr\/wp-json\/wp\/v2\/types\/page"}],"author":[{"embeddable":true,"href":"https:\/\/sweetiq.com\/fr\/wp-json\/wp\/v2\/users\/45"}],"replies":[{"embeddable":true,"href":"https:\/\/sweetiq.com\/fr\/wp-json\/wp\/v2\/comments?post=20970"}],"version-history":[{"count":8,"href":"https:\/\/sweetiq.com\/fr\/wp-json\/wp\/v2\/pages\/20970\/revisions"}],"predecessor-version":[{"id":32578,"href":"https:\/\/sweetiq.com\/fr\/wp-json\/wp\/v2\/pages\/20970\/revisions\/32578"}],"up":[{"embeddable":true,"href":"https:\/\/sweetiq.com\/fr\/wp-json\/wp\/v2\/pages\/15110"}],"wp:featuredmedia":[{"embeddable":true,"href":"https:\/\/sweetiq.com\/fr\/wp-json\/wp\/v2\/media\/14532"}],"wp:attachment":[{"href":"https:\/\/sweetiq.com\/fr\/wp-json\/wp\/v2\/media?parent=20970"}],"curies":[{"name":"wp","href":"https:\/\/api.w.org\/{rel}","templated":true}]}}