{"id":21063,"date":"2017-07-26T14:11:09","date_gmt":"2017-07-26T14:11:09","guid":{"rendered":"http:\/\/sweetiq.com\/?page_id=21063"},"modified":"2020-09-28T11:25:52","modified_gmt":"2020-09-28T11:25:52","slug":"localisateur-emplacement-microsites","status":"publish","type":"page","link":"https:\/\/sweetiq.com\/fr\/nos-produits\/localisateur-emplacement-microsites\/","title":{"rendered":"Logiciel de Localisateur d&#8217;emplacement + Microsites"},"content":{"rendered":"","protected":false},"excerpt":{"rendered":"","protected":false},"author":45,"featured_media":0,"parent":702,"menu_order":0,"comment_status":"closed","ping_status":"closed","template":"pages\/template-products.php","meta":{"inline_featured_image":false,"footnotes":""},"class_list":["post-21063","page","type-page","status-publish","hentry"],"yoast_head":"<!-- This site is optimized with the Yoast SEO plugin v27.3 - https:\/\/yoast.com\/product\/yoast-seo-wordpress\/ -->\n<title>Logiciel de Localisateur d&#039;emplacement + Microsites - SweetIQ<\/title>\n<meta name=\"description\" content=\"Optez pour des pages personnalis\u00e9es \u00e0 votre image, en \u00e9tant optimis\u00e9es (SEO), compatibles avec tous les appareils et con\u00e7ues pour les clients d\u2019aujourd\u2019hui.\" \/>\n<meta name=\"robots\" content=\"index, follow, max-snippet:-1, max-image-preview:large, max-video-preview:-1\" \/>\n<link rel=\"canonical\" href=\"https:\/\/sweetiq.com\/fr\/nos-produits\/localisateur-emplacement-microsites\/\" \/>\n<meta property=\"og:locale\" content=\"fr_FR\" \/>\n<meta property=\"og:type\" content=\"article\" \/>\n<meta property=\"og:title\" content=\"Logiciel de Localisateur d&#039;emplacement + Microsites - SweetIQ\" \/>\n<meta property=\"og:description\" content=\"Optez pour des pages personnalis\u00e9es \u00e0 votre image, en \u00e9tant optimis\u00e9es (SEO), compatibles avec tous les appareils et con\u00e7ues pour les clients d\u2019aujourd\u2019hui.\" \/>\n<meta property=\"og:url\" content=\"https:\/\/sweetiq.com\/fr\/nos-produits\/localisateur-emplacement-microsites\/\" \/>\n<meta property=\"og:site_name\" content=\"SweetIQ\" \/>\n<meta property=\"article:modified_time\" content=\"2020-09-28T11:25:52+00:00\" \/>\n<meta property=\"og:image\" content=\"https:\/\/sweetiq.com\/wp-content\/uploads\/2018\/01\/1600px-x-970px_Main-Page-Header.png\" \/>\n\t<meta property=\"og:image:width\" content=\"1600\" \/>\n\t<meta property=\"og:image:height\" content=\"970\" \/>\n\t<meta property=\"og:image:type\" content=\"image\/png\" \/>\n<meta name=\"twitter:card\" content=\"summary_large_image\" \/>\n<script type=\"application\/ld+json\" class=\"yoast-schema-graph\">{\"@context\":\"https:\\\/\\\/schema.org\",\"@graph\":[{\"@type\":\"WebPage\",\"@id\":\"https:\\\/\\\/sweetiq.com\\\/fr\\\/nos-produits\\\/localisateur-emplacement-microsites\\\/\",\"url\":\"https:\\\/\\\/sweetiq.com\\\/fr\\\/nos-produits\\\/localisateur-emplacement-microsites\\\/\",\"name\":\"Logiciel de Localisateur d'emplacement + Microsites - SweetIQ\",\"isPartOf\":{\"@id\":\"https:\\\/\\\/sweetiq.com\\\/#website\"},\"datePublished\":\"2017-07-26T14:11:09+00:00\",\"dateModified\":\"2020-09-28T11:25:52+00:00\",\"description\":\"Optez pour des pages personnalis\u00e9es \u00e0 votre image, en \u00e9tant optimis\u00e9es (SEO), compatibles avec tous les appareils et con\u00e7ues pour les clients d\u2019aujourd\u2019hui.\",\"breadcrumb\":{\"@id\":\"https:\\\/\\\/sweetiq.com\\\/fr\\\/nos-produits\\\/localisateur-emplacement-microsites\\\/#breadcrumb\"},\"inLanguage\":\"fr-FR\",\"potentialAction\":[{\"@type\":\"ReadAction\",\"target\":[\"https:\\\/\\\/sweetiq.com\\\/fr\\\/nos-produits\\\/localisateur-emplacement-microsites\\\/\"]}]},{\"@type\":\"BreadcrumbList\",\"@id\":\"https:\\\/\\\/sweetiq.com\\\/fr\\\/nos-produits\\\/localisateur-emplacement-microsites\\\/#breadcrumb\",\"itemListElement\":[{\"@type\":\"ListItem\",\"position\":1,\"name\":\"Home\",\"item\":\"https:\\\/\\\/sweetiq.com\\\/fr\\\/\"},{\"@type\":\"ListItem\",\"position\":2,\"name\":\"Nos produits\",\"item\":\"https:\\\/\\\/sweetiq.com\\\/fr\\\/nos-produits\\\/\"},{\"@type\":\"ListItem\",\"position\":3,\"name\":\"Logiciel de Localisateur d&#8217;emplacement + Microsites\"}]},{\"@type\":\"WebSite\",\"@id\":\"https:\\\/\\\/sweetiq.com\\\/#website\",\"url\":\"https:\\\/\\\/sweetiq.com\\\/\",\"name\":\"SweetIQ\",\"description\":\"Local Marketing Platform\",\"potentialAction\":[{\"@type\":\"SearchAction\",\"target\":{\"@type\":\"EntryPoint\",\"urlTemplate\":\"https:\\\/\\\/sweetiq.com\\\/?s={search_term_string}\"},\"query-input\":{\"@type\":\"PropertyValueSpecification\",\"valueRequired\":true,\"valueName\":\"search_term_string\"}}],\"inLanguage\":\"fr-FR\"}]}<\/script>\n<!-- \/ Yoast SEO plugin. -->","yoast_head_json":{"title":"Logiciel de Localisateur d'emplacement + Microsites - SweetIQ","description":"Optez pour des pages personnalis\u00e9es \u00e0 votre image, en \u00e9tant optimis\u00e9es (SEO), compatibles avec tous les appareils et con\u00e7ues pour les clients d\u2019aujourd\u2019hui.","robots":{"index":"index","follow":"follow","max-snippet":"max-snippet:-1","max-image-preview":"max-image-preview:large","max-video-preview":"max-video-preview:-1"},"canonical":"https:\/\/sweetiq.com\/fr\/nos-produits\/localisateur-emplacement-microsites\/","og_locale":"fr_FR","og_type":"article","og_title":"Logiciel de Localisateur d'emplacement + Microsites - SweetIQ","og_description":"Optez pour des pages personnalis\u00e9es \u00e0 votre image, en \u00e9tant optimis\u00e9es (SEO), compatibles avec tous les appareils et con\u00e7ues pour les clients d\u2019aujourd\u2019hui.","og_url":"https:\/\/sweetiq.com\/fr\/nos-produits\/localisateur-emplacement-microsites\/","og_site_name":"SweetIQ","article_modified_time":"2020-09-28T11:25:52+00:00","og_image":[{"width":1600,"height":970,"url":"https:\/\/sweetiq.com\/wp-content\/uploads\/2018\/01\/1600px-x-970px_Main-Page-Header.png","type":"image\/png"}],"twitter_card":"summary_large_image","schema":{"@context":"https:\/\/schema.org","@graph":[{"@type":"WebPage","@id":"https:\/\/sweetiq.com\/fr\/nos-produits\/localisateur-emplacement-microsites\/","url":"https:\/\/sweetiq.com\/fr\/nos-produits\/localisateur-emplacement-microsites\/","name":"Logiciel de Localisateur d'emplacement + Microsites - SweetIQ","isPartOf":{"@id":"https:\/\/sweetiq.com\/#website"},"datePublished":"2017-07-26T14:11:09+00:00","dateModified":"2020-09-28T11:25:52+00:00","description":"Optez pour des pages personnalis\u00e9es \u00e0 votre image, en \u00e9tant optimis\u00e9es (SEO), compatibles avec tous les appareils et con\u00e7ues pour les clients d\u2019aujourd\u2019hui.","breadcrumb":{"@id":"https:\/\/sweetiq.com\/fr\/nos-produits\/localisateur-emplacement-microsites\/#breadcrumb"},"inLanguage":"fr-FR","potentialAction":[{"@type":"ReadAction","target":["https:\/\/sweetiq.com\/fr\/nos-produits\/localisateur-emplacement-microsites\/"]}]},{"@type":"BreadcrumbList","@id":"https:\/\/sweetiq.com\/fr\/nos-produits\/localisateur-emplacement-microsites\/#breadcrumb","itemListElement":[{"@type":"ListItem","position":1,"name":"Home","item":"https:\/\/sweetiq.com\/fr\/"},{"@type":"ListItem","position":2,"name":"Nos produits","item":"https:\/\/sweetiq.com\/fr\/nos-produits\/"},{"@type":"ListItem","position":3,"name":"Logiciel de Localisateur d&#8217;emplacement + Microsites"}]},{"@type":"WebSite","@id":"https:\/\/sweetiq.com\/#website","url":"https:\/\/sweetiq.com\/","name":"SweetIQ","description":"Local Marketing Platform","potentialAction":[{"@type":"SearchAction","target":{"@type":"EntryPoint","urlTemplate":"https:\/\/sweetiq.com\/?s={search_term_string}"},"query-input":{"@type":"PropertyValueSpecification","valueRequired":true,"valueName":"search_term_string"}}],"inLanguage":"fr-FR"}]}},"_links":{"self":[{"href":"https:\/\/sweetiq.com\/fr\/wp-json\/wp\/v2\/pages\/21063","targetHints":{"allow":["GET"]}}],"collection":[{"href":"https:\/\/sweetiq.com\/fr\/wp-json\/wp\/v2\/pages"}],"about":[{"href":"https:\/\/sweetiq.com\/fr\/wp-json\/wp\/v2\/types\/page"}],"author":[{"embeddable":true,"href":"https:\/\/sweetiq.com\/fr\/wp-json\/wp\/v2\/users\/45"}],"replies":[{"embeddable":true,"href":"https:\/\/sweetiq.com\/fr\/wp-json\/wp\/v2\/comments?post=21063"}],"version-history":[{"count":43,"href":"https:\/\/sweetiq.com\/fr\/wp-json\/wp\/v2\/pages\/21063\/revisions"}],"predecessor-version":[{"id":33262,"href":"https:\/\/sweetiq.com\/fr\/wp-json\/wp\/v2\/pages\/21063\/revisions\/33262"}],"up":[{"embeddable":true,"href":"https:\/\/sweetiq.com\/fr\/wp-json\/wp\/v2\/pages\/702"}],"wp:attachment":[{"href":"https:\/\/sweetiq.com\/fr\/wp-json\/wp\/v2\/media?parent=21063"}],"curies":[{"name":"wp","href":"https:\/\/api.w.org\/{rel}","templated":true}]}}