{"id":31459,"date":"2018-06-13T14:07:27","date_gmt":"2018-06-13T14:07:27","guid":{"rendered":"http:\/\/sweetiq.com\/fr\/fast-food-diner-chain\/"},"modified":"2018-06-15T20:18:10","modified_gmt":"2018-06-15T20:18:10","slug":"etude-cas-chaine-restauration","status":"publish","type":"page","link":"https:\/\/sweetiq.com\/fr\/etude-cas-chaine-restauration\/","title":{"rendered":"Cha\u00eene de restauration rapide"},"content":{"rendered":"","protected":false},"excerpt":{"rendered":"","protected":false},"author":45,"featured_media":0,"parent":0,"menu_order":0,"comment_status":"closed","ping_status":"closed","template":"pages\/template-cs.php","meta":{"inline_featured_image":false,"footnotes":""},"class_list":["post-31459","page","type-page","status-publish","hentry"],"yoast_head":"<!-- This site is optimized with the Yoast SEO plugin v27.3 - https:\/\/yoast.com\/product\/yoast-seo-wordpress\/ -->\n<title>Cha\u00eene de restauration rapide - SweetIQ<\/title>\n<meta name=\"description\" content=\"\u00c9tude de cas: D\u00e9couvrez comment SweetIQ a am\u00e9lior\u00e9 la pr\u00e9cision et la couverture de cette cha\u00eene de restauration rapide.\" \/>\n<meta name=\"robots\" content=\"index, follow, max-snippet:-1, max-image-preview:large, max-video-preview:-1\" \/>\n<link rel=\"canonical\" href=\"https:\/\/sweetiq.com\/fr\/etude-cas-chaine-restauration\/\" \/>\n<meta property=\"og:locale\" content=\"fr_FR\" \/>\n<meta property=\"og:type\" content=\"article\" \/>\n<meta property=\"og:title\" content=\"Cha\u00eene de restauration rapide\" \/>\n<meta property=\"og:description\" content=\"\u00c9tude de cas - SweetIQ\" \/>\n<meta property=\"og:url\" content=\"https:\/\/sweetiq.com\/fr\/etude-cas-chaine-restauration\/\" \/>\n<meta property=\"og:site_name\" content=\"SweetIQ\" \/>\n<meta property=\"article:modified_time\" content=\"2018-06-15T20:18:10+00:00\" \/>\n<meta property=\"og:image\" content=\"https:\/\/sweetiq.com\/wp-content\/uploads\/2018\/06\/Header_img.jpg\" \/>\n\t<meta property=\"og:image:width\" content=\"1980\" \/>\n\t<meta property=\"og:image:height\" content=\"781\" \/>\n\t<meta property=\"og:image:type\" content=\"image\/jpeg\" \/>\n<meta name=\"twitter:card\" content=\"summary_large_image\" \/>\n<script type=\"application\/ld+json\" class=\"yoast-schema-graph\">{\"@context\":\"https:\\\/\\\/schema.org\",\"@graph\":[{\"@type\":\"WebPage\",\"@id\":\"https:\\\/\\\/sweetiq.com\\\/fr\\\/etude-cas-chaine-restauration\\\/\",\"url\":\"https:\\\/\\\/sweetiq.com\\\/fr\\\/etude-cas-chaine-restauration\\\/\",\"name\":\"Cha\u00eene de restauration rapide - SweetIQ\",\"isPartOf\":{\"@id\":\"https:\\\/\\\/sweetiq.com\\\/#website\"},\"datePublished\":\"2018-06-13T14:07:27+00:00\",\"dateModified\":\"2018-06-15T20:18:10+00:00\",\"description\":\"\u00c9tude de cas: D\u00e9couvrez comment SweetIQ a am\u00e9lior\u00e9 la pr\u00e9cision et la couverture de cette cha\u00eene de restauration rapide.\",\"breadcrumb\":{\"@id\":\"https:\\\/\\\/sweetiq.com\\\/fr\\\/etude-cas-chaine-restauration\\\/#breadcrumb\"},\"inLanguage\":\"fr-FR\",\"potentialAction\":[{\"@type\":\"ReadAction\",\"target\":[\"https:\\\/\\\/sweetiq.com\\\/fr\\\/etude-cas-chaine-restauration\\\/\"]}]},{\"@type\":\"BreadcrumbList\",\"@id\":\"https:\\\/\\\/sweetiq.com\\\/fr\\\/etude-cas-chaine-restauration\\\/#breadcrumb\",\"itemListElement\":[{\"@type\":\"ListItem\",\"position\":1,\"name\":\"Home\",\"item\":\"https:\\\/\\\/sweetiq.com\\\/fr\\\/\"},{\"@type\":\"ListItem\",\"position\":2,\"name\":\"Cha\u00eene de restauration rapide\"}]},{\"@type\":\"WebSite\",\"@id\":\"https:\\\/\\\/sweetiq.com\\\/#website\",\"url\":\"https:\\\/\\\/sweetiq.com\\\/\",\"name\":\"SweetIQ\",\"description\":\"Local Marketing Platform\",\"potentialAction\":[{\"@type\":\"SearchAction\",\"target\":{\"@type\":\"EntryPoint\",\"urlTemplate\":\"https:\\\/\\\/sweetiq.com\\\/?s={search_term_string}\"},\"query-input\":{\"@type\":\"PropertyValueSpecification\",\"valueRequired\":true,\"valueName\":\"search_term_string\"}}],\"inLanguage\":\"fr-FR\"}]}<\/script>\n<!-- \/ Yoast SEO plugin. -->","yoast_head_json":{"title":"Cha\u00eene de restauration rapide - SweetIQ","description":"\u00c9tude de cas: D\u00e9couvrez comment SweetIQ a am\u00e9lior\u00e9 la pr\u00e9cision et la couverture de cette cha\u00eene de restauration rapide.","robots":{"index":"index","follow":"follow","max-snippet":"max-snippet:-1","max-image-preview":"max-image-preview:large","max-video-preview":"max-video-preview:-1"},"canonical":"https:\/\/sweetiq.com\/fr\/etude-cas-chaine-restauration\/","og_locale":"fr_FR","og_type":"article","og_title":"Cha\u00eene de restauration rapide","og_description":"\u00c9tude de cas - SweetIQ","og_url":"https:\/\/sweetiq.com\/fr\/etude-cas-chaine-restauration\/","og_site_name":"SweetIQ","article_modified_time":"2018-06-15T20:18:10+00:00","og_image":[{"width":1980,"height":781,"url":"https:\/\/sweetiq.com\/wp-content\/uploads\/2018\/06\/Header_img.jpg","type":"image\/jpeg"}],"twitter_card":"summary_large_image","schema":{"@context":"https:\/\/schema.org","@graph":[{"@type":"WebPage","@id":"https:\/\/sweetiq.com\/fr\/etude-cas-chaine-restauration\/","url":"https:\/\/sweetiq.com\/fr\/etude-cas-chaine-restauration\/","name":"Cha\u00eene de restauration rapide - SweetIQ","isPartOf":{"@id":"https:\/\/sweetiq.com\/#website"},"datePublished":"2018-06-13T14:07:27+00:00","dateModified":"2018-06-15T20:18:10+00:00","description":"\u00c9tude de cas: D\u00e9couvrez comment SweetIQ a am\u00e9lior\u00e9 la pr\u00e9cision et la couverture de cette cha\u00eene de restauration rapide.","breadcrumb":{"@id":"https:\/\/sweetiq.com\/fr\/etude-cas-chaine-restauration\/#breadcrumb"},"inLanguage":"fr-FR","potentialAction":[{"@type":"ReadAction","target":["https:\/\/sweetiq.com\/fr\/etude-cas-chaine-restauration\/"]}]},{"@type":"BreadcrumbList","@id":"https:\/\/sweetiq.com\/fr\/etude-cas-chaine-restauration\/#breadcrumb","itemListElement":[{"@type":"ListItem","position":1,"name":"Home","item":"https:\/\/sweetiq.com\/fr\/"},{"@type":"ListItem","position":2,"name":"Cha\u00eene de restauration rapide"}]},{"@type":"WebSite","@id":"https:\/\/sweetiq.com\/#website","url":"https:\/\/sweetiq.com\/","name":"SweetIQ","description":"Local Marketing Platform","potentialAction":[{"@type":"SearchAction","target":{"@type":"EntryPoint","urlTemplate":"https:\/\/sweetiq.com\/?s={search_term_string}"},"query-input":{"@type":"PropertyValueSpecification","valueRequired":true,"valueName":"search_term_string"}}],"inLanguage":"fr-FR"}]}},"_links":{"self":[{"href":"https:\/\/sweetiq.com\/fr\/wp-json\/wp\/v2\/pages\/31459","targetHints":{"allow":["GET"]}}],"collection":[{"href":"https:\/\/sweetiq.com\/fr\/wp-json\/wp\/v2\/pages"}],"about":[{"href":"https:\/\/sweetiq.com\/fr\/wp-json\/wp\/v2\/types\/page"}],"author":[{"embeddable":true,"href":"https:\/\/sweetiq.com\/fr\/wp-json\/wp\/v2\/users\/45"}],"replies":[{"embeddable":true,"href":"https:\/\/sweetiq.com\/fr\/wp-json\/wp\/v2\/comments?post=31459"}],"version-history":[{"count":10,"href":"https:\/\/sweetiq.com\/fr\/wp-json\/wp\/v2\/pages\/31459\/revisions"}],"predecessor-version":[{"id":32956,"href":"https:\/\/sweetiq.com\/fr\/wp-json\/wp\/v2\/pages\/31459\/revisions\/32956"}],"wp:attachment":[{"href":"https:\/\/sweetiq.com\/fr\/wp-json\/wp\/v2\/media?parent=31459"}],"curies":[{"name":"wp","href":"https:\/\/api.w.org\/{rel}","templated":true}]}}