{"id":32759,"date":"2019-12-26T15:13:27","date_gmt":"2019-12-26T15:13:27","guid":{"rendered":"http:\/\/sweetiq.com\/fr\/do-not-sell-my-info-cookie-policy\/"},"modified":"2020-10-12T14:10:40","modified_gmt":"2020-10-12T14:10:40","slug":"cookie-policy","status":"publish","type":"page","link":"https:\/\/sweetiq.com\/fr\/cookie-policy\/","title":{"rendered":"Politique sur les t\u00e9moins"},"content":{"rendered":"<p>Derni\u00e8re mise \u00e0 jour: le 12 octobre 2020<\/p>\n<p>Cette politique sur les t\u00e9moins (&lt;&lt; <strong>Politique sur les t\u00e9moins<\/strong> &gt;&gt;) d\u00e9crit les t\u00e9moins et autres technologies utilis\u00e9s sur ce site Web (le &lt;&lt; <strong>site<\/strong> &gt;&gt;) par \u00a9 uberall Gmbh. et ses soci\u00e9t\u00e9s de m\u00e9dias locaux affili\u00e9es (&lt;&lt; <strong>Uberall\u00a0<\/strong> &gt;&gt;, &lt;&lt; <strong>Gannett <\/strong> &gt;&gt;, &lt;&lt; <strong>Gatehouse<\/strong> &gt;&gt;, &lt;&lt; <strong>nous<\/strong> &gt;&gt;, &lt;&lt; <strong>notre<\/strong> &gt;&gt; ou &lt;&lt; <strong>nos<\/strong> &gt;&gt;).<\/p>\n<p>Nous avons cr\u00e9\u00e9 cette politique sur les t\u00e9moins pour expliquer en quoi consistent ces technologies et pourquoi nous les utilisons, ainsi que vos droits de contr\u00f4ler notre utilisation de ces technologies. Cette politique sur les t\u00e9moins fait partie de notre <a href=\"\/fr\/politique-de-confidentialite\/\">Politique de confidentialit\u00e9<\/a>.<\/p>\n<p>Veuillez noter que nous incluons dans la pr\u00e9sente politique sur les t\u00e9moins des r\u00e9f\u00e9rences \u00e0 d\u2019autres sites Web qui fournissent des renseignements sur les t\u00e9moins et sur les options de refus. Nous ne sommes pas affili\u00e9s \u00e0 ces sites ou aux tiers qui les exploitent. Nous ne sommes pas responsables du contenu de ces sites et ne fournissons des liens vers ces sites qu\u2019\u00e0 titre informatif et pratique.<\/p>\n<p>En utilisant le site, vous consentez aux pratiques d\u00e9crites dans la pr\u00e9sente politique sur les t\u00e9moins et la <a href=\"\/fr\/politique-de-confidentialite\/\">Politique de confidentialit\u00e9<\/a> et aux mises \u00e0 jour de ces politiques affich\u00e9es ici de temps \u00e0 autre.<\/p>\n<p>Veuillez noter que si vous \u00eates situ\u00e9 dans l\u2019Espace \u00e9conomique europ\u00e9en (EEE), lors de votre premi\u00e8re visite sur le site, on vous demandera de consentir \u00e0 l\u2019utilisation de certains t\u00e9moins et autres technologies en vertu de cette politique sur les t\u00e9moins, et si vous acceptez, nous les stockerons sur votre appareil. Vous pouvez modifier vos pr\u00e9f\u00e9rences \u00e0 tout moment dans notre Centre de pr\u00e9f\u00e9rences. Certains t\u00e9moins indispensables au fonctionnement du site ne n\u00e9cessitent pas votre consentement (voir ci-dessous dans la section &lt;&lt; T\u00e9moins strictement n\u00e9cessaires &gt;&gt;).<\/p>\n<p>Pour vous assurer d\u2019\u00eatre tenu au courant de tous les changements, vous devriez v\u00e9rifier ces politiques p\u00e9riodiquement. Les mises \u00e0 jour seront r\u00e9f\u00e9renc\u00e9es par la date de &lt;&lt; Derni\u00e8re mise \u00e0 jour &gt;&gt; indiqu\u00e9e ci-dessus.<\/p>\n<p>Table des mati\u00e8res<\/p>\n<ol class=\"link-list\">\n<li><a href=\"#1\">Comment g\u00e9rer vos options<\/a><\/li>\n<li><a href=\"#2\">T\u00e9moins et autres technologies<\/a><\/li>\n<li><a href=\"#3\">T\u00e9moins et autres technologies utilis\u00e9es sur le site<\/a><\/li>\n<li><a href=\"#4\">Changements dans les t\u00e9moins et dans cette politique sur les t\u00e9moins <\/a><\/li>\n<li><a href=\"#5\">Communiquer avec nous <\/a><\/li>\n<\/ol>\n<p><a class=\"header\" name=\"1\"><\/a><strong>1. Comment g\u00e9rer vos options<\/strong><br \/>\nQuand il s\u2019agit de vos droits en tant que consommateur, nous voulons nous assurer que vous disposez de toute l\u2019information n\u00e9cessaire pour prendre des d\u00e9cisions \u00e9clair\u00e9es.<\/p>\n<p>Bient\u00f4t, vous pourrez faire des requ\u00eates concernant vos droits en mati\u00e8re de confidentialit\u00e9 et g\u00e9rer vos pr\u00e9f\u00e9rences relatives aux t\u00e9moins sur notre site Web. Entre temps, appuyez sur <a href=\"https:\/\/privacyportal-cdn.onetrust.com\/dsarwebform\/5b4b73e5-9c9c-4c5c-82c1-9389c9e42f1c\/f7534b24-bc5a-450f-a8bd-6d9bb1d3408e.html\" target=\"_blank\" rel=\"noopener noreferrer\">COMMUNIQUEZ AVEC NOUS<\/a> pour communiquer avec notre repr\u00e9sentant responsable de la confidentialit\u00e9.<\/p>\n<p><strong>1.1 Contr\u00f4le des t\u00e9moins dans les param\u00e8tres du navigateur<\/strong><br \/>\nDans la plupart des navigateurs Web, la barre d\u2019outils comporte une section \u00ab aide \u00bb. Veuillez consulter cette section pour savoir comment recevoir une notification lorsque vous recevez un nouveau t\u00e9moin et comment d\u00e9sactiver les t\u00e9moins. Veuillez consulter les liens ci-dessous pour savoir comment modifier les param\u00e8tres de votre navigateur Web dans les navigateurs les plus populaires :<\/p>\n<ul>\n<li><a href=\"https:\/\/support.microsoft.com\/en-us\/help\/17441\/windows-internet-explorer-change-reset-settings\">Internet Explorer<\/a><\/li>\n<li><a href=\"https:\/\/support.mozilla.org\/en-US\/products\/firefox\/customize\/firefox-options-preferences-and-settings\">Mozilla Firefox<\/a><\/li>\n<li><a href=\"https:\/\/support.google.com\/chrome\/answer\/3296214?hl=en\">Google Chrome<\/a><\/li>\n<li><a href=\"https:\/\/support.apple.com\/en-us\/HT208209\">Apple Safari<\/a><\/li>\n<\/ul>\n<p><strong>1.2 Appareils mobiles<\/strong><br \/>\nSi vous consultez le site sur votre appareil mobile, il est possible que vous ne puissiez pas contr\u00f4ler les technologies de suivi dans les param\u00e8tres. Vous devez v\u00e9rifier les param\u00e8tres de votre appareil mobile pour d\u00e9terminer si vous pouvez contr\u00f4ler les t\u00e9moins par l\u2019interm\u00e9diaire de votre appareil mobile.<\/p>\n<p><strong>1.3 Refuser la publicit\u00e9 cibl\u00e9e<\/strong><br \/>\nLa publicit\u00e9 cibl\u00e9e est une publicit\u00e9 personnalis\u00e9e pour vous, bas\u00e9e sur des t\u00e9moins qui surveillent vos int\u00e9r\u00eats et votre comportement sur les sites Web. Plusieurs associations de l\u2019industrie de la publicit\u00e9 offrent aux consommateurs la possibilit\u00e9 de refuser la publicit\u00e9 cibl\u00e9e en ligne effectu\u00e9e par tous leurs publicitaires membres. Si vous souhaitez obtenir de plus amples renseignements, veuillez visiter les sites Web \u00e9num\u00e9r\u00e9s ci-dessous et suivre les instructions de d\u00e9sactivation qui y sont indiqu\u00e9es si vous souhaitez les d\u00e9sactiver :<\/p>\n<ul>\n<li>Les ressources en ligne de la Network Advertising Initiative \u00e0 : <a href=\"https:\/\/optout.networkadvertising.org\">optout.networkadvertising.org<\/a><\/li>\n<li>Le site Web de la Digital Advertising Alliance sur le choix des consommateurs \u00e0 : <a href=\"https:\/\/optout.aboutads.info\">optout.aboutads.info<\/a><\/li>\n<li>Si vous \u00eates situ\u00e9 dans l\u2019Espace \u00e9conomique europ\u00e9en, consultez l\u2019outil de retrait Your Online Choices de la European Interactive Digital Advertising Alliance ici : <a href=\"https:\/\/www.youronlinechoices.eu\">youronlinechoices.eu<\/a><\/li>\n<\/ul>\n<p><a class=\"header\" name=\"2\"><\/a><strong>2. T\u00e9moins et autres technologies<\/strong><br \/>\n<strong>2.1 Qu\u2019est-ce qu\u2019un \u00ab t\u00e9moin \u00bb?<\/strong><br \/>\nUn t\u00e9moin est un \u00e9l\u00e9ment d\u2019information envoy\u00e9 \u00e0 votre navigateur \u00e0 partir d\u2019un site Web et enregistr\u00e9 sur le disque dur de votre ordinateur. Les t\u00e9moins peuvent aider un site Web comme le n\u00f4tre \u00e0 reconna\u00eetre les utilisateurs r\u00e9guliers et \u00e0 surveiller le comportement d\u2019utilisation du site. Les t\u00e9moins fonctionnent en attribuant un num\u00e9ro \u00e0 l\u2019utilisateur qui n\u2019a aucune signification en dehors du site Web d\u2019attribution. Pour plus de d\u00e9tails sur les t\u00e9moins et les technologies similaires, veuillez visiter : <a href=\"https:\/\/www.allaboutcookies.org\">www.allaboutcookies.org<\/a>.<\/p>\n<p><strong>2.2 Les diff\u00e9rentes dur\u00e9es des t\u00e9moins<\/strong><br \/>\nLes t\u00e9moins peuvent \u00eatre enregistr\u00e9s sur votre ordinateur pour des dur\u00e9es diff\u00e9rentes. Les \u00ab t\u00e9moins de session \u00bb ne durent que le temps de la session du navigateur et sont automatiquement supprim\u00e9s d\u00e8s que vous fermez votre navigateur. Les \u00ab t\u00e9moins persistants \u00bb ne sont pas supprim\u00e9s lors de la fermeture de votre navigateur et restent sur votre ordinateur jusqu\u2019\u00e0 une date d\u2019expiration d\u00e9finie dans le t\u00e9moin (d\u00e9termin\u00e9e par le site qui l\u2019a install\u00e9) et aident \u00e0 reconna\u00eetre votre ordinateur lorsque vous ouvrez votre navigateur et naviguez de nouveau sur Internet.<\/p>\n<p><strong>2.3 T\u00e9moins de premier niveau et de tiers<\/strong><br \/>\nLes t\u00e9moins de premier niveau sont plac\u00e9s sur un site Web directement par le propri\u00e9taire du site, en l\u2019occurrence, W-Systems. Les t\u00e9moins de tiers sont plac\u00e9s sur un site Web par des fournisseurs tiers (par exemple, des entreprises qui offrent des services de rep\u00e9rage publicitaire ou d\u2019analyse Web) et par des publicitaires sur le site Web. Nous utilisons \u00e0 la fois des t\u00e9moins de premier niveau et des t\u00e9moins de tiers, comme d\u00e9crit ci-dessous.<\/p>\n<p><strong>2.4 Pixels espions<\/strong><br \/>\nNous utilisons \u00e9galement des pixels espions (g\u00e9n\u00e9ralement en combinaison avec des t\u00e9moins), provenant des tierces parties d\u00e9crites ci-dessous, pour obtenir des renseignements sur votre utilisation du site et sur votre r\u00e9action aux courriels ou autres communications. Les pixels espions sont une technologie similaire aux t\u00e9moins qui peuvent \u00eatre int\u00e9gr\u00e9s au contenu en ligne ou dans le corps d\u2019un courriel afin de surveiller les activit\u00e9s sur les sites Web (par exemple, pour savoir quand du contenu vous a \u00e9t\u00e9 pr\u00e9sent\u00e9), ou pour savoir quand vous avez consult\u00e9 un certain contenu ou un message \u00e9lectronique particulier.<\/p>\n<p><a class=\"header\" name=\"3\"><\/a><strong>3. T\u00e9moins et autres technologies utilis\u00e9es sur le site <\/strong><br \/>\n<strong>T\u00e9moins strictement n\u00e9cessaires<\/strong><br \/>\nCes t\u00e9moins sont n\u00e9cessaires au fonctionnement du site Web et ne peuvent pas \u00eatre d\u00e9sactiv\u00e9s dans nos syst\u00e8mes. Ils ne sont g\u00e9n\u00e9ralement activ\u00e9s qu\u2019en r\u00e9ponse \u00e0 des actions que vous avez effectu\u00e9es qui correspondent \u00e0 une demande de services, comme d\u00e9finir vos pr\u00e9f\u00e9rences en mati\u00e8re de confidentialit\u00e9, vous connecter ou remplir des formulaires. Vous pouvez configurer votre navigateur pour qu\u2019il bloque ces t\u00e9moins ou qu\u2019il vous avertisse de leur pr\u00e9sence, mais certaines parties du site ne fonctionneront alors pas. Ces t\u00e9moins ne conservent aucune information personnelle identifiable.<\/p>\n<p><strong>T\u00e9moins de performance<\/strong><br \/>\nCes t\u00e9moins nous permettent de compter les visites et les sources de trafic afin que nous puissions mesurer et am\u00e9liorer la performance de notre site. Ils nous aident \u00e0 savoir quelles sont les pages les plus populaires et les moins populaires, et \u00e0 voir comment les visiteurs se d\u00e9placent sur le site. Tous les renseignements recueillis par ces t\u00e9moins sont agr\u00e9g\u00e9s et donc anonymes. Si vous n\u2019autorisez pas ces t\u00e9moins, nous ne saurons pas quand vous avez visit\u00e9 notre site et ne pourrons pas en surveiller la performance.<\/p>\n<p><strong>T\u00e9moins fonctionnels<\/strong><br \/>\nCes t\u00e9moins permettent au site Web d\u2019am\u00e9liorer la fonctionnalit\u00e9 et la personnalisation. Ils peuvent \u00eatre configur\u00e9s par nous ou par des fournisseurs tiers dont avons ajout\u00e9 les services sur nos pages. Si vous n\u2019autorisez pas ces t\u00e9moins, certains ou tous ces services pourraient ne pas fonctionner correctement.<\/p>\n<p><strong>T\u00e9moins de ciblage<\/strong><br \/>\nCes t\u00e9moins peuvent \u00eatre plac\u00e9s sur notre site par nos partenaires publicitaires. Ils peuvent \u00eatre utilis\u00e9s par ces entreprises pour \u00e9tablir un profil de vos int\u00e9r\u00eats et vous montrer des publicit\u00e9s pertinentes sur d\u2019autres sites. Ils n\u2019emmagasinent pas directement les renseignements personnels, mais sont bas\u00e9s sur le fait d\u2019identifier de fa\u00e7on unique votre navigateur et votre appareil sur Internet. Si vous n\u2019autorisez pas ces t\u00e9moins, vous verrez de la publicit\u00e9 moins cibl\u00e9e.<\/p>\n<p><strong>T\u00e9moins pour les m\u00e9dias sociaux<\/strong><br \/>\nCes t\u00e9moins sont install\u00e9s par divers services de m\u00e9dias sociaux que nous avons ajout\u00e9s au site pour vous permettre de partager notre contenu avec vos amis et vos r\u00e9seaux. Ils sont capables de surveiller votre navigateur sur d\u2019autres sites et d\u2019\u00e9tablir un profil de vos int\u00e9r\u00eats. Cela peut avoir des r\u00e9percussions sur le contenu et les messages que vous voyez sur les autres sites Web que vous visitez. Si vous n\u2019autorisez pas ces t\u00e9moins, vous ne pourrez peut-\u00eatre pas utiliser ou voir ces outils de partage.<\/p>\n<p><a class=\"header\" name=\"4\"><\/a><strong>4. Changements dans les t\u00e9moins et dans cette politique sur les t\u00e9moins<\/strong><br \/>\nNotre utilisation des t\u00e9moins peut changer de temps \u00e0 autre. Dans ce cas, nous modifierons la pr\u00e9sente Politique sur les t\u00e9moins en publiant une version modifi\u00e9e avec une nouvelle date de \u00ab derni\u00e8re mise \u00e0 jour \u00bb.<\/p>\n<p><a class=\"header\" name=\"5\"><\/a><strong>5. Pour nous joindre<\/strong><br \/>\nSi vous avez des questions ou des pr\u00e9occupations concernant la pr\u00e9sente Politique sur les t\u00e9moins, vous pouvez communiquer avec nous en utilisant les renseignements ci-dessous :<\/p>\n<ul>\n<li>Par courriel : <a href=\"mailto:dataprotection@uberall.com\">dataprotection@uberall.com<\/a><\/li>\n<li>Par t\u00e9l\u00e9phone : +49 (0)30\/208 479 320<\/li>\n<\/ul>\n<p>R\u00e8glement g\u00e9n\u00e9ral sur la protection des donn\u00e9es (RGPD) &#8211; Repr\u00e9sentant europ\u00e9en<\/p>\n<p>Conform\u00e9ment \u00e0 l\u2019article 27 du RGPD, SweetIQ a d\u00e9sign\u00e9 une soci\u00e9t\u00e9 appel\u00e9e European Data Protection Office (EDPO) en tant que repr\u00e9sentant du RGPD dans l\u2019EEE. Si vous \u00eates une personne physique bas\u00e9e dans l\u2019EEE, en plus ou au lieu de communiquer avec nous, vous pouvez \u00e9galement communiquer avec l\u2019EDPO pour les questions relatives au traitement de vos donn\u00e9es personnelles dans le cadre du RGPD comme suit :<\/p>\n<ul>\n<li>Par courriel : <a href=\"mailto:dataprotection@uberall.com\">dataprotection@uberall.com<\/a><\/li>\n<li>Par un formulaire de demande en ligne de l\u2019EDPO : <a href=\"https:\/\/www.edpo.brussels\/contact\">www.edpo.brussels\/contact<\/a><\/li>\n<li>Par la poste : EDPO, Avenue Huart Hamoir 71, 1030 Brussels, Belgium<\/li>\n<\/ul>\n","protected":false},"excerpt":{"rendered":"<p>Derni\u00e8re mise \u00e0 jour: le 12 octobre 2020 Cette politique sur les t\u00e9moins (&lt;&lt; Politique sur les t\u00e9moins &gt;&gt;) d\u00e9crit les t\u00e9moins et &#8230;<\/p>\n","protected":false},"author":45,"featured_media":0,"parent":0,"menu_order":0,"comment_status":"closed","ping_status":"closed","template":"","meta":{"inline_featured_image":false,"footnotes":""},"class_list":["post-32759","page","type-page","status-publish","hentry"],"yoast_head":"<!-- This site is optimized with the Yoast SEO plugin v27.3 - https:\/\/yoast.com\/product\/yoast-seo-wordpress\/ -->\n<title>Politique sur les t\u00e9moins - SweetIQ<\/title>\n<meta name=\"robots\" content=\"index, follow, max-snippet:-1, max-image-preview:large, max-video-preview:-1\" \/>\n<link rel=\"canonical\" href=\"https:\/\/sweetiq.com\/fr\/cookie-policy\/\" \/>\n<meta property=\"og:locale\" content=\"fr_FR\" \/>\n<meta property=\"og:type\" content=\"article\" \/>\n<meta property=\"og:title\" content=\"Politique sur les t\u00e9moins - SweetIQ\" \/>\n<meta property=\"og:description\" content=\"Derni\u00e8re mise \u00e0 jour: le 12 octobre 2020 Cette politique sur les t\u00e9moins (&lt;&lt; Politique sur les t\u00e9moins &gt;&gt;) d\u00e9crit les t\u00e9moins et ...\" \/>\n<meta property=\"og:url\" content=\"https:\/\/sweetiq.com\/fr\/cookie-policy\/\" \/>\n<meta property=\"og:site_name\" content=\"SweetIQ\" \/>\n<meta property=\"article:modified_time\" content=\"2020-10-12T14:10:40+00:00\" \/>\n<meta property=\"og:image\" content=\"https:\/\/sweetiq.com\/wp-content\/uploads\/2018\/01\/1600px-x-970px_Main-Page-Header.png\" \/>\n\t<meta property=\"og:image:width\" content=\"1600\" \/>\n\t<meta property=\"og:image:height\" content=\"970\" \/>\n\t<meta property=\"og:image:type\" content=\"image\/png\" \/>\n<meta name=\"twitter:card\" content=\"summary_large_image\" \/>\n<meta name=\"twitter:label1\" content=\"Est. reading time\" \/>\n\t<meta name=\"twitter:data1\" content=\"9 minutes\" \/>\n<script type=\"application\/ld+json\" class=\"yoast-schema-graph\">{\"@context\":\"https:\\\/\\\/schema.org\",\"@graph\":[{\"@type\":\"WebPage\",\"@id\":\"https:\\\/\\\/sweetiq.com\\\/fr\\\/cookie-policy\\\/\",\"url\":\"https:\\\/\\\/sweetiq.com\\\/fr\\\/cookie-policy\\\/\",\"name\":\"Politique sur les t\u00e9moins - SweetIQ\",\"isPartOf\":{\"@id\":\"https:\\\/\\\/sweetiq.com\\\/#website\"},\"datePublished\":\"2019-12-26T15:13:27+00:00\",\"dateModified\":\"2020-10-12T14:10:40+00:00\",\"breadcrumb\":{\"@id\":\"https:\\\/\\\/sweetiq.com\\\/fr\\\/cookie-policy\\\/#breadcrumb\"},\"inLanguage\":\"fr-FR\",\"potentialAction\":[{\"@type\":\"ReadAction\",\"target\":[\"https:\\\/\\\/sweetiq.com\\\/fr\\\/cookie-policy\\\/\"]}]},{\"@type\":\"BreadcrumbList\",\"@id\":\"https:\\\/\\\/sweetiq.com\\\/fr\\\/cookie-policy\\\/#breadcrumb\",\"itemListElement\":[{\"@type\":\"ListItem\",\"position\":1,\"name\":\"Home\",\"item\":\"https:\\\/\\\/sweetiq.com\\\/fr\\\/\"},{\"@type\":\"ListItem\",\"position\":2,\"name\":\"Politique sur les t\u00e9moins\"}]},{\"@type\":\"WebSite\",\"@id\":\"https:\\\/\\\/sweetiq.com\\\/#website\",\"url\":\"https:\\\/\\\/sweetiq.com\\\/\",\"name\":\"SweetIQ\",\"description\":\"Local Marketing Platform\",\"potentialAction\":[{\"@type\":\"SearchAction\",\"target\":{\"@type\":\"EntryPoint\",\"urlTemplate\":\"https:\\\/\\\/sweetiq.com\\\/?s={search_term_string}\"},\"query-input\":{\"@type\":\"PropertyValueSpecification\",\"valueRequired\":true,\"valueName\":\"search_term_string\"}}],\"inLanguage\":\"fr-FR\"}]}<\/script>\n<!-- \/ Yoast SEO plugin. -->","yoast_head_json":{"title":"Politique sur les t\u00e9moins - SweetIQ","robots":{"index":"index","follow":"follow","max-snippet":"max-snippet:-1","max-image-preview":"max-image-preview:large","max-video-preview":"max-video-preview:-1"},"canonical":"https:\/\/sweetiq.com\/fr\/cookie-policy\/","og_locale":"fr_FR","og_type":"article","og_title":"Politique sur les t\u00e9moins - SweetIQ","og_description":"Derni\u00e8re mise \u00e0 jour: le 12 octobre 2020 Cette politique sur les t\u00e9moins (&lt;&lt; Politique sur les t\u00e9moins &gt;&gt;) d\u00e9crit les t\u00e9moins et ...","og_url":"https:\/\/sweetiq.com\/fr\/cookie-policy\/","og_site_name":"SweetIQ","article_modified_time":"2020-10-12T14:10:40+00:00","og_image":[{"width":1600,"height":970,"url":"https:\/\/sweetiq.com\/wp-content\/uploads\/2018\/01\/1600px-x-970px_Main-Page-Header.png","type":"image\/png"}],"twitter_card":"summary_large_image","twitter_misc":{"Est. reading time":"9 minutes"},"schema":{"@context":"https:\/\/schema.org","@graph":[{"@type":"WebPage","@id":"https:\/\/sweetiq.com\/fr\/cookie-policy\/","url":"https:\/\/sweetiq.com\/fr\/cookie-policy\/","name":"Politique sur les t\u00e9moins - SweetIQ","isPartOf":{"@id":"https:\/\/sweetiq.com\/#website"},"datePublished":"2019-12-26T15:13:27+00:00","dateModified":"2020-10-12T14:10:40+00:00","breadcrumb":{"@id":"https:\/\/sweetiq.com\/fr\/cookie-policy\/#breadcrumb"},"inLanguage":"fr-FR","potentialAction":[{"@type":"ReadAction","target":["https:\/\/sweetiq.com\/fr\/cookie-policy\/"]}]},{"@type":"BreadcrumbList","@id":"https:\/\/sweetiq.com\/fr\/cookie-policy\/#breadcrumb","itemListElement":[{"@type":"ListItem","position":1,"name":"Home","item":"https:\/\/sweetiq.com\/fr\/"},{"@type":"ListItem","position":2,"name":"Politique sur les t\u00e9moins"}]},{"@type":"WebSite","@id":"https:\/\/sweetiq.com\/#website","url":"https:\/\/sweetiq.com\/","name":"SweetIQ","description":"Local Marketing Platform","potentialAction":[{"@type":"SearchAction","target":{"@type":"EntryPoint","urlTemplate":"https:\/\/sweetiq.com\/?s={search_term_string}"},"query-input":{"@type":"PropertyValueSpecification","valueRequired":true,"valueName":"search_term_string"}}],"inLanguage":"fr-FR"}]}},"_links":{"self":[{"href":"https:\/\/sweetiq.com\/fr\/wp-json\/wp\/v2\/pages\/32759","targetHints":{"allow":["GET"]}}],"collection":[{"href":"https:\/\/sweetiq.com\/fr\/wp-json\/wp\/v2\/pages"}],"about":[{"href":"https:\/\/sweetiq.com\/fr\/wp-json\/wp\/v2\/types\/page"}],"author":[{"embeddable":true,"href":"https:\/\/sweetiq.com\/fr\/wp-json\/wp\/v2\/users\/45"}],"replies":[{"embeddable":true,"href":"https:\/\/sweetiq.com\/fr\/wp-json\/wp\/v2\/comments?post=32759"}],"version-history":[{"count":7,"href":"https:\/\/sweetiq.com\/fr\/wp-json\/wp\/v2\/pages\/32759\/revisions"}],"predecessor-version":[{"id":33355,"href":"https:\/\/sweetiq.com\/fr\/wp-json\/wp\/v2\/pages\/32759\/revisions\/33355"}],"wp:attachment":[{"href":"https:\/\/sweetiq.com\/fr\/wp-json\/wp\/v2\/media?parent=32759"}],"curies":[{"name":"wp","href":"https:\/\/api.w.org\/{rel}","templated":true}]}}