{"id":623,"date":"2016-09-01T14:50:18","date_gmt":"2016-09-01T14:50:18","guid":{"rendered":"http:\/\/sweetiq.com\/privacy\/?lang=fr"},"modified":"2017-09-07T19:32:41","modified_gmt":"2017-09-07T19:32:41","slug":"politique-de-confidentialite","status":"publish","type":"page","link":"https:\/\/sweetiq.com\/fr\/politique-de-confidentialite\/","title":{"rendered":"Politique de confidentialit\u00e9"},"content":{"rendered":"<p>\u00c9nonc\u00e9 de protection de la vie priv\u00e9e<\/p>\n<p>Le pr\u00e9sent \u00e9nonc\u00e9 d\u00e9crit de quelle fa\u00e7on SWEETIQ ANALYTICS CORP. recueille et utilise les renseignements sur les utilisateurs de notre site Web, www.sweetiq.com (le site Web).<\/p>\n<p>Renseignements personnels<\/p>\n<p>SWEETIQ ANALYTICS CORP. ne recueille aucun renseignement personnel permettant de vous identifier lorsque vous visitez le site Web \u00e0 moins que vous fournissiez volontairement ces renseignements lorsque :<br \/>\n(i) vous communiquez avec nous en remplissant nos formulaires \u00e9lectroniques (notamment en nous envoyant des requ\u00eates ou en r\u00e9pondant \u00e0 nos offres d\u2019emploi sur le site Web). Ces renseignements personnels peuvent inclure votre nom, vos coordonn\u00e9es, votre courriel, votre num\u00e9ro de t\u00e9l\u00e9phone et votre CV. En fournissant ces renseignements \u00e0 l\u2019aide de nos formulaires \u00e9lectroniques, vous consentez \u00e0 ce que nous les utilisions pour r\u00e9pondre \u00e0 vos requ\u00eates, pour communiquer avec vous et pour vous fournir des renseignements \u00e0 propos des produits, services et offres de SWEETIQ ANALYTICS CORP.<\/p>\n<p>Si nous pr\u00e9voyons utiliser vos renseignements personnels \u00e0 l\u2019avenir pour toute fin autre que celles mentionn\u00e9es ci-dessus ou celles d\u00e9crites dans les formulaires \u00e9lectroniques, nous le ferons seulement apr\u00e8s vous avoir inform\u00e9 de la modification \u00e0 cet \u00e9nonc\u00e9 de protection de la vie priv\u00e9e.<\/p>\n<p>Nous utilisons des efforts commercialement raisonnables pour conserver vos renseignements personnels de fa\u00e7on s\u00e9curitaire dans nos syst\u00e8mes et sauf pour se conformer \u00e0 des demandes ou des exigences l\u00e9gales ou r\u00e9glementaires, SWEETIQ ANALYTICS CORP. ne partagera ou ne divulguera pas vos renseignements personnels \u00e0 une tierce partie sans votre consentement. Nous ne vendons pas nos listes de clients.<\/p>\n<p>Autres renseignements<\/p>\n<p>SWEETIQ ANALYTICS CORP. recueille automatiquement certaines donn\u00e9es statistiques et d\u2019autres donn\u00e9es \u00e0 propos de l\u2019utilisation des visiteurs et des visites sur le site Web. Ces renseignements comprennent les adresses IP, les statistiques sur les pays visit\u00e9s, les pages consult\u00e9es, les navigateurs utilis\u00e9s et les syst\u00e8mes d\u2019op\u00e9ration, et tout d\u00e9tail sur les sites de r\u00e9f\u00e9rence (p. ex., Google).<\/p>\n<p>Pour nous joindre<\/p>\n<p>Nous nous r\u00e9servons le droit de modifier l\u2019\u00e9nonc\u00e9 de protection de la vie priv\u00e9e en tout temps et si nous d\u00e9cidons de le faire \u00e0 l\u2019avenir, nous publierons un avis \u00e0 cet effet sur notre site Web. Si vous avez des questions ou des pr\u00e9occupations concernant cet \u00e9nonc\u00e9 de protection de la vie priv\u00e9e ou les pratiques de ce site Web, veuillez \u00e9crire \u00e0 info@sweetiq.com.<\/p>\n<p>Derni\u00e8re mise \u00e0 jour : 15 mai 2015<\/p>\n","protected":false},"excerpt":{"rendered":"<p>\u00c9nonc\u00e9 de protection de la vie priv\u00e9e Le pr\u00e9sent \u00e9nonc\u00e9 d\u00e9crit de quelle fa\u00e7on SWEETIQ ANALYTICS CORP. recueille et utilise les renseignements sur &#8230;<\/p>\n","protected":false},"author":45,"featured_media":0,"parent":0,"menu_order":0,"comment_status":"closed","ping_status":"closed","template":"","meta":{"inline_featured_image":false,"footnotes":""},"class_list":["post-623","page","type-page","status-publish","hentry"],"yoast_head":"<!-- This site is optimized with the Yoast SEO plugin v27.3 - https:\/\/yoast.com\/product\/yoast-seo-wordpress\/ -->\n<title>Politique de confidentialit\u00e9 | SweetIQ<\/title>\n<meta name=\"description\" content=\"Pour SweetIQ, la confidentialit\u00e9 est toujours de mise. Consultez notre politique de confidentialit\u00e9 pour plus de d\u00e9tails, ou tout simplement contactez-nous.\" \/>\n<meta name=\"robots\" content=\"index, follow, max-snippet:-1, max-image-preview:large, max-video-preview:-1\" \/>\n<link rel=\"canonical\" href=\"https:\/\/sweetiq.com\/fr\/politique-de-confidentialite\/\" \/>\n<meta property=\"og:locale\" content=\"fr_FR\" \/>\n<meta property=\"og:type\" content=\"article\" \/>\n<meta property=\"og:title\" content=\"Politique de confidentialit\u00e9 | SweetIQ\" \/>\n<meta property=\"og:description\" content=\"Pour SweetIQ, la confidentialit\u00e9 est toujours de mise. Consultez notre politique de confidentialit\u00e9 pour plus de d\u00e9tails, ou tout simplement contactez-nous.\" \/>\n<meta property=\"og:url\" content=\"https:\/\/sweetiq.com\/fr\/politique-de-confidentialite\/\" \/>\n<meta property=\"og:site_name\" content=\"SweetIQ\" \/>\n<meta property=\"article:modified_time\" content=\"2017-09-07T19:32:41+00:00\" \/>\n<meta property=\"og:image\" content=\"https:\/\/sweetiq.com\/wp-content\/uploads\/2018\/01\/1600px-x-970px_Main-Page-Header.png\" \/>\n\t<meta property=\"og:image:width\" content=\"1600\" \/>\n\t<meta property=\"og:image:height\" content=\"970\" \/>\n\t<meta property=\"og:image:type\" content=\"image\/png\" \/>\n<meta name=\"twitter:card\" content=\"summary_large_image\" \/>\n<meta name=\"twitter:label1\" content=\"Est. reading time\" \/>\n\t<meta name=\"twitter:data1\" content=\"2 minutes\" \/>\n<script type=\"application\/ld+json\" class=\"yoast-schema-graph\">{\"@context\":\"https:\\\/\\\/schema.org\",\"@graph\":[{\"@type\":\"WebPage\",\"@id\":\"https:\\\/\\\/sweetiq.com\\\/fr\\\/politique-de-confidentialite\\\/\",\"url\":\"https:\\\/\\\/sweetiq.com\\\/fr\\\/politique-de-confidentialite\\\/\",\"name\":\"Politique de confidentialit\u00e9 | SweetIQ\",\"isPartOf\":{\"@id\":\"https:\\\/\\\/sweetiq.com\\\/#website\"},\"datePublished\":\"2016-09-01T14:50:18+00:00\",\"dateModified\":\"2017-09-07T19:32:41+00:00\",\"description\":\"Pour SweetIQ, la confidentialit\u00e9 est toujours de mise. Consultez notre politique de confidentialit\u00e9 pour plus de d\u00e9tails, ou tout simplement contactez-nous.\",\"breadcrumb\":{\"@id\":\"https:\\\/\\\/sweetiq.com\\\/fr\\\/politique-de-confidentialite\\\/#breadcrumb\"},\"inLanguage\":\"fr-FR\",\"potentialAction\":[{\"@type\":\"ReadAction\",\"target\":[\"https:\\\/\\\/sweetiq.com\\\/fr\\\/politique-de-confidentialite\\\/\"]}]},{\"@type\":\"BreadcrumbList\",\"@id\":\"https:\\\/\\\/sweetiq.com\\\/fr\\\/politique-de-confidentialite\\\/#breadcrumb\",\"itemListElement\":[{\"@type\":\"ListItem\",\"position\":1,\"name\":\"Home\",\"item\":\"https:\\\/\\\/sweetiq.com\\\/fr\\\/\"},{\"@type\":\"ListItem\",\"position\":2,\"name\":\"Politique de confidentialit\u00e9\"}]},{\"@type\":\"WebSite\",\"@id\":\"https:\\\/\\\/sweetiq.com\\\/#website\",\"url\":\"https:\\\/\\\/sweetiq.com\\\/\",\"name\":\"SweetIQ\",\"description\":\"Local Marketing Platform\",\"potentialAction\":[{\"@type\":\"SearchAction\",\"target\":{\"@type\":\"EntryPoint\",\"urlTemplate\":\"https:\\\/\\\/sweetiq.com\\\/?s={search_term_string}\"},\"query-input\":{\"@type\":\"PropertyValueSpecification\",\"valueRequired\":true,\"valueName\":\"search_term_string\"}}],\"inLanguage\":\"fr-FR\"}]}<\/script>\n<!-- \/ Yoast SEO plugin. -->","yoast_head_json":{"title":"Politique de confidentialit\u00e9 | SweetIQ","description":"Pour SweetIQ, la confidentialit\u00e9 est toujours de mise. Consultez notre politique de confidentialit\u00e9 pour plus de d\u00e9tails, ou tout simplement contactez-nous.","robots":{"index":"index","follow":"follow","max-snippet":"max-snippet:-1","max-image-preview":"max-image-preview:large","max-video-preview":"max-video-preview:-1"},"canonical":"https:\/\/sweetiq.com\/fr\/politique-de-confidentialite\/","og_locale":"fr_FR","og_type":"article","og_title":"Politique de confidentialit\u00e9 | SweetIQ","og_description":"Pour SweetIQ, la confidentialit\u00e9 est toujours de mise. Consultez notre politique de confidentialit\u00e9 pour plus de d\u00e9tails, ou tout simplement contactez-nous.","og_url":"https:\/\/sweetiq.com\/fr\/politique-de-confidentialite\/","og_site_name":"SweetIQ","article_modified_time":"2017-09-07T19:32:41+00:00","og_image":[{"width":1600,"height":970,"url":"https:\/\/sweetiq.com\/wp-content\/uploads\/2018\/01\/1600px-x-970px_Main-Page-Header.png","type":"image\/png"}],"twitter_card":"summary_large_image","twitter_misc":{"Est. reading time":"2 minutes"},"schema":{"@context":"https:\/\/schema.org","@graph":[{"@type":"WebPage","@id":"https:\/\/sweetiq.com\/fr\/politique-de-confidentialite\/","url":"https:\/\/sweetiq.com\/fr\/politique-de-confidentialite\/","name":"Politique de confidentialit\u00e9 | SweetIQ","isPartOf":{"@id":"https:\/\/sweetiq.com\/#website"},"datePublished":"2016-09-01T14:50:18+00:00","dateModified":"2017-09-07T19:32:41+00:00","description":"Pour SweetIQ, la confidentialit\u00e9 est toujours de mise. Consultez notre politique de confidentialit\u00e9 pour plus de d\u00e9tails, ou tout simplement contactez-nous.","breadcrumb":{"@id":"https:\/\/sweetiq.com\/fr\/politique-de-confidentialite\/#breadcrumb"},"inLanguage":"fr-FR","potentialAction":[{"@type":"ReadAction","target":["https:\/\/sweetiq.com\/fr\/politique-de-confidentialite\/"]}]},{"@type":"BreadcrumbList","@id":"https:\/\/sweetiq.com\/fr\/politique-de-confidentialite\/#breadcrumb","itemListElement":[{"@type":"ListItem","position":1,"name":"Home","item":"https:\/\/sweetiq.com\/fr\/"},{"@type":"ListItem","position":2,"name":"Politique de confidentialit\u00e9"}]},{"@type":"WebSite","@id":"https:\/\/sweetiq.com\/#website","url":"https:\/\/sweetiq.com\/","name":"SweetIQ","description":"Local Marketing Platform","potentialAction":[{"@type":"SearchAction","target":{"@type":"EntryPoint","urlTemplate":"https:\/\/sweetiq.com\/?s={search_term_string}"},"query-input":{"@type":"PropertyValueSpecification","valueRequired":true,"valueName":"search_term_string"}}],"inLanguage":"fr-FR"}]}},"_links":{"self":[{"href":"https:\/\/sweetiq.com\/fr\/wp-json\/wp\/v2\/pages\/623","targetHints":{"allow":["GET"]}}],"collection":[{"href":"https:\/\/sweetiq.com\/fr\/wp-json\/wp\/v2\/pages"}],"about":[{"href":"https:\/\/sweetiq.com\/fr\/wp-json\/wp\/v2\/types\/page"}],"author":[{"embeddable":true,"href":"https:\/\/sweetiq.com\/fr\/wp-json\/wp\/v2\/users\/45"}],"replies":[{"embeddable":true,"href":"https:\/\/sweetiq.com\/fr\/wp-json\/wp\/v2\/comments?post=623"}],"version-history":[{"count":6,"href":"https:\/\/sweetiq.com\/fr\/wp-json\/wp\/v2\/pages\/623\/revisions"}],"predecessor-version":[{"id":751,"href":"https:\/\/sweetiq.com\/fr\/wp-json\/wp\/v2\/pages\/623\/revisions\/751"}],"wp:attachment":[{"href":"https:\/\/sweetiq.com\/fr\/wp-json\/wp\/v2\/media?parent=623"}],"curies":[{"name":"wp","href":"https:\/\/api.w.org\/{rel}","templated":true}]}}