{"id":638,"date":"2016-08-18T12:27:55","date_gmt":"2016-08-18T12:27:55","guid":{"rendered":"http:\/\/sweetiq.com\/a-propos\/careers\/?lang=fr"},"modified":"2020-09-28T14:12:36","modified_gmt":"2020-09-28T14:12:36","slug":"carrieres","status":"publish","type":"page","link":"https:\/\/sweetiq.com\/fr\/a-propos-de-sweetiq\/carrieres\/","title":{"rendered":"Carri\u00e8res"},"content":{"rendered":"<p>Pulvinar! Sem massa suspendisse, rem, exercitationem et nihil error semper, sodales quod, laboriosam dicta montes ridiculus? Condimentum repellendus vitae porta! Fugit? Eligendi, fuga aenean ex parturient et aenean, deleniti consequat dapibus ea rhoncus pharetra vitae distinctio, hendrerit ut, dictum rerum! Pariatur ullam ipsa dis non voluptas nulla, cillum, eu temporibus.<\/p>\n<p>Accusamus a morbi quam sem. Incididunt phasellus repellendus, adipiscing ducimus deserunt. Euismod? Adipisci faucibus expedita. Iste, purus, eiusmod? Dolores impedit habitasse leo eu numquam! Sit non distinctio, optio? Blandit minus? Quisquam ut curabitur sunt, facilisi saepe massa corporis eu sequi, nam iste? Orci convallis. Exercitationem mus alias expedita? Perspiciatis tortor.<\/p>\n<p>Unde netus, habitant, hymenaeos. Gravida tempore, primis repudiandae, venenatis sodales proident accusamus cupidatat commodo facere ultrices hymenaeos nihil quasi rhoncus sequi. Nisi nam rerum perferendis ad suspendisse est? Torquent vel placerat platea voluptatem nesciunt vitae mollit. Curabitur excepturi blanditiis asperiores sunt auctor nonummy parturient vivamus vulputate labore rutrum distinctio id.<\/p>\n","protected":false},"excerpt":{"rendered":"<p>Pulvinar! Sem massa suspendisse, rem, exercitationem et nihil error semper, sodales quod, laboriosam dicta montes ridiculus? Condimentum repellendus vitae porta! Fugit? Eligendi, fuga &#8230;<\/p>\n","protected":false},"author":45,"featured_media":0,"parent":530,"menu_order":0,"comment_status":"closed","ping_status":"closed","template":"pages\/template-careers.php","meta":{"inline_featured_image":false,"footnotes":""},"class_list":["post-638","page","type-page","status-publish","hentry"],"yoast_head":"<!-- This site is optimized with the Yoast SEO plugin v27.3 - https:\/\/yoast.com\/product\/yoast-seo-wordpress\/ -->\n<title>Carri\u00e8res | SweetIQ<\/title>\n<meta name=\"description\" content=\"SweetIQ est en constante expansion et nous sommes \u00e0 la recherche de nouveaux talents pour notre \u00e9quipe dynamique! Appliquez ou envoyez-nous vos CV.\" \/>\n<meta name=\"robots\" content=\"index, follow, max-snippet:-1, max-image-preview:large, max-video-preview:-1\" \/>\n<link rel=\"canonical\" href=\"https:\/\/sweetiq.com\/about\/careers-2\/\" \/>\n<meta property=\"og:locale\" content=\"fr_FR\" \/>\n<meta property=\"og:type\" content=\"article\" \/>\n<meta property=\"og:title\" content=\"Carri\u00e8res | SweetIQ\" \/>\n<meta property=\"og:description\" content=\"SweetIQ est en constante expansion et nous sommes \u00e0 la recherche de nouveaux talents pour notre \u00e9quipe dynamique! Appliquez ou envoyez-nous vos CV.\" \/>\n<meta property=\"og:url\" content=\"https:\/\/sweetiq.com\/about\/careers-2\/\" \/>\n<meta property=\"og:site_name\" content=\"SweetIQ\" \/>\n<meta property=\"article:modified_time\" content=\"2020-09-28T14:12:36+00:00\" \/>\n<meta property=\"og:image\" content=\"https:\/\/sweetiq.com\/wp-content\/uploads\/2018\/01\/1600px-x-970px_Main-Page-Header.png\" \/>\n\t<meta property=\"og:image:width\" content=\"1600\" \/>\n\t<meta property=\"og:image:height\" content=\"970\" \/>\n\t<meta property=\"og:image:type\" content=\"image\/png\" \/>\n<meta name=\"twitter:card\" content=\"summary_large_image\" \/>\n<meta name=\"twitter:label1\" content=\"Est. reading time\" \/>\n\t<meta name=\"twitter:data1\" content=\"1 minute\" \/>\n<script type=\"application\/ld+json\" class=\"yoast-schema-graph\">{\"@context\":\"https:\\\/\\\/schema.org\",\"@graph\":[{\"@type\":\"WebPage\",\"@id\":\"https:\\\/\\\/sweetiq.com\\\/about\\\/careers-2\\\/\",\"url\":\"https:\\\/\\\/sweetiq.com\\\/about\\\/careers-2\\\/\",\"name\":\"Carri\u00e8res | SweetIQ\",\"isPartOf\":{\"@id\":\"https:\\\/\\\/sweetiq.com\\\/#website\"},\"datePublished\":\"2016-08-18T12:27:55+00:00\",\"dateModified\":\"2020-09-28T14:12:36+00:00\",\"description\":\"SweetIQ est en constante expansion et nous sommes \u00e0 la recherche de nouveaux talents pour notre \u00e9quipe dynamique! Appliquez ou envoyez-nous vos CV.\",\"breadcrumb\":{\"@id\":\"https:\\\/\\\/sweetiq.com\\\/about\\\/careers-2\\\/#breadcrumb\"},\"inLanguage\":\"fr-FR\",\"potentialAction\":[{\"@type\":\"ReadAction\",\"target\":[\"https:\\\/\\\/sweetiq.com\\\/about\\\/careers-2\\\/\"]}]},{\"@type\":\"BreadcrumbList\",\"@id\":\"https:\\\/\\\/sweetiq.com\\\/about\\\/careers-2\\\/#breadcrumb\",\"itemListElement\":[{\"@type\":\"ListItem\",\"position\":1,\"name\":\"Home\",\"item\":\"https:\\\/\\\/sweetiq.com\\\/fr\\\/\"},{\"@type\":\"ListItem\",\"position\":2,\"name\":\"\u00c0 propos\",\"item\":\"https:\\\/\\\/sweetiq.com\\\/about\\\/\"},{\"@type\":\"ListItem\",\"position\":3,\"name\":\"Carri\u00e8res\"}]},{\"@type\":\"WebSite\",\"@id\":\"https:\\\/\\\/sweetiq.com\\\/#website\",\"url\":\"https:\\\/\\\/sweetiq.com\\\/\",\"name\":\"SweetIQ\",\"description\":\"Local Marketing Platform\",\"potentialAction\":[{\"@type\":\"SearchAction\",\"target\":{\"@type\":\"EntryPoint\",\"urlTemplate\":\"https:\\\/\\\/sweetiq.com\\\/?s={search_term_string}\"},\"query-input\":{\"@type\":\"PropertyValueSpecification\",\"valueRequired\":true,\"valueName\":\"search_term_string\"}}],\"inLanguage\":\"fr-FR\"}]}<\/script>\n<!-- \/ Yoast SEO plugin. -->","yoast_head_json":{"title":"Carri\u00e8res | SweetIQ","description":"SweetIQ est en constante expansion et nous sommes \u00e0 la recherche de nouveaux talents pour notre \u00e9quipe dynamique! Appliquez ou envoyez-nous vos CV.","robots":{"index":"index","follow":"follow","max-snippet":"max-snippet:-1","max-image-preview":"max-image-preview:large","max-video-preview":"max-video-preview:-1"},"canonical":"https:\/\/sweetiq.com\/about\/careers-2\/","og_locale":"fr_FR","og_type":"article","og_title":"Carri\u00e8res | SweetIQ","og_description":"SweetIQ est en constante expansion et nous sommes \u00e0 la recherche de nouveaux talents pour notre \u00e9quipe dynamique! Appliquez ou envoyez-nous vos CV.","og_url":"https:\/\/sweetiq.com\/about\/careers-2\/","og_site_name":"SweetIQ","article_modified_time":"2020-09-28T14:12:36+00:00","og_image":[{"width":1600,"height":970,"url":"https:\/\/sweetiq.com\/wp-content\/uploads\/2018\/01\/1600px-x-970px_Main-Page-Header.png","type":"image\/png"}],"twitter_card":"summary_large_image","twitter_misc":{"Est. reading time":"1 minute"},"schema":{"@context":"https:\/\/schema.org","@graph":[{"@type":"WebPage","@id":"https:\/\/sweetiq.com\/about\/careers-2\/","url":"https:\/\/sweetiq.com\/about\/careers-2\/","name":"Carri\u00e8res | SweetIQ","isPartOf":{"@id":"https:\/\/sweetiq.com\/#website"},"datePublished":"2016-08-18T12:27:55+00:00","dateModified":"2020-09-28T14:12:36+00:00","description":"SweetIQ est en constante expansion et nous sommes \u00e0 la recherche de nouveaux talents pour notre \u00e9quipe dynamique! Appliquez ou envoyez-nous vos CV.","breadcrumb":{"@id":"https:\/\/sweetiq.com\/about\/careers-2\/#breadcrumb"},"inLanguage":"fr-FR","potentialAction":[{"@type":"ReadAction","target":["https:\/\/sweetiq.com\/about\/careers-2\/"]}]},{"@type":"BreadcrumbList","@id":"https:\/\/sweetiq.com\/about\/careers-2\/#breadcrumb","itemListElement":[{"@type":"ListItem","position":1,"name":"Home","item":"https:\/\/sweetiq.com\/fr\/"},{"@type":"ListItem","position":2,"name":"\u00c0 propos","item":"https:\/\/sweetiq.com\/about\/"},{"@type":"ListItem","position":3,"name":"Carri\u00e8res"}]},{"@type":"WebSite","@id":"https:\/\/sweetiq.com\/#website","url":"https:\/\/sweetiq.com\/","name":"SweetIQ","description":"Local Marketing Platform","potentialAction":[{"@type":"SearchAction","target":{"@type":"EntryPoint","urlTemplate":"https:\/\/sweetiq.com\/?s={search_term_string}"},"query-input":{"@type":"PropertyValueSpecification","valueRequired":true,"valueName":"search_term_string"}}],"inLanguage":"fr-FR"}]}},"_links":{"self":[{"href":"https:\/\/sweetiq.com\/fr\/wp-json\/wp\/v2\/pages\/638","targetHints":{"allow":["GET"]}}],"collection":[{"href":"https:\/\/sweetiq.com\/fr\/wp-json\/wp\/v2\/pages"}],"about":[{"href":"https:\/\/sweetiq.com\/fr\/wp-json\/wp\/v2\/types\/page"}],"author":[{"embeddable":true,"href":"https:\/\/sweetiq.com\/fr\/wp-json\/wp\/v2\/users\/45"}],"replies":[{"embeddable":true,"href":"https:\/\/sweetiq.com\/fr\/wp-json\/wp\/v2\/comments?post=638"}],"version-history":[{"count":34,"href":"https:\/\/sweetiq.com\/fr\/wp-json\/wp\/v2\/pages\/638\/revisions"}],"predecessor-version":[{"id":33288,"href":"https:\/\/sweetiq.com\/fr\/wp-json\/wp\/v2\/pages\/638\/revisions\/33288"}],"up":[{"embeddable":true,"href":"https:\/\/sweetiq.com\/fr\/wp-json\/wp\/v2\/pages\/530"}],"wp:attachment":[{"href":"https:\/\/sweetiq.com\/fr\/wp-json\/wp\/v2\/media?parent=638"}],"curies":[{"name":"wp","href":"https:\/\/api.w.org\/{rel}","templated":true}]}}