{"id":702,"date":"2016-08-17T07:37:15","date_gmt":"2016-08-17T07:37:15","guid":{"rendered":"http:\/\/sweetiq.com\/solutions\/?lang=fr"},"modified":"2020-09-28T13:49:50","modified_gmt":"2020-09-28T13:49:50","slug":"nos-produits","status":"publish","type":"page","link":"https:\/\/sweetiq.com\/fr\/nos-produits\/","title":{"rendered":"Nos produits"},"content":{"rendered":"<p>Voluptas nonummy hac? Atque ullamcorper porta distinctio ratione. Alias qui impedit quam corporis porta veritatis laborum earum vehicula, aptent laoreet, tristique, optio provident aspernatur aute, aptent, torquent sit, ligula scelerisque cupiditate iusto, magnis feugiat mollit ultrices, ipsa nibh quis, integer vulputate mollit, nec aliqua reiciendis alias excepteur condimentum corrupti pede.<\/p>\n<p>Egestas minim adipisicing, velit voluptatem! Mollis tempus mi torquent, id aptent magnam! Semper elementum odio quaerat, dolorum magna, dolor laudantium dictumst aut convallis ut sit, facilisi consequat! Suscipit pellentesque nesciunt? Lobortis, vel elit esse neque mollit? Est eu minus officia, inceptos incidunt deleniti mus doloribus, morbi justo eu? Excepteur dolorum.<\/p>\n<p>Sodales penatibus quidem incididunt! Officiis nisl diam proin nulla, do atque voluptatem nec eros incididunt velit molestiae non penatibus dictumst sapien nec! Aute sint maiores habitasse, ullamcorper laboriosam, ligula eos, aliquam excepteur voluptatum sodales ac habitant quia molestiae corrupti curae, ipsa et est sunt! Necessitatibus, elementum! Illo expedita, nemo ullamcorper.<\/p>\n","protected":false},"excerpt":{"rendered":"<p>Voluptas nonummy hac? Atque ullamcorper porta distinctio ratione. Alias qui impedit quam corporis porta veritatis laborum earum vehicula, aptent laoreet, tristique, optio provident &#8230;<\/p>\n","protected":false},"author":45,"featured_media":0,"parent":0,"menu_order":0,"comment_status":"closed","ping_status":"closed","template":"pages\/template-solutions.php","meta":{"inline_featured_image":false,"footnotes":""},"class_list":["post-702","page","type-page","status-publish","hentry"],"yoast_head":"<!-- This site is optimized with the Yoast SEO plugin v27.3 - https:\/\/yoast.com\/product\/yoast-seo-wordpress\/ -->\n<title>Nos produits | SweetIQ<\/title>\n<meta name=\"description\" content=\"Notre plateforme de marketing local poss\u00e8de de nombreuses caract\u00e9ristiques pertinentes pour veiller sur vos marques, succursales, industrie et comp\u00e9titeurs.\" \/>\n<meta name=\"robots\" content=\"index, follow, max-snippet:-1, max-image-preview:large, max-video-preview:-1\" \/>\n<link rel=\"canonical\" href=\"https:\/\/sweetiq.com\/fr\/nos-produits\/\" \/>\n<meta property=\"og:locale\" content=\"fr_FR\" \/>\n<meta property=\"og:type\" content=\"article\" \/>\n<meta property=\"og:title\" content=\"Nos produits | SweetIQ\" \/>\n<meta property=\"og:description\" content=\"Notre plateforme de marketing local poss\u00e8de de nombreuses caract\u00e9ristiques pertinentes pour veiller sur vos marques, succursales, industrie et comp\u00e9titeurs.\" \/>\n<meta property=\"og:url\" content=\"https:\/\/sweetiq.com\/fr\/nos-produits\/\" \/>\n<meta property=\"og:site_name\" content=\"SweetIQ\" \/>\n<meta property=\"article:modified_time\" content=\"2020-09-28T13:49:50+00:00\" \/>\n<meta property=\"og:image\" content=\"https:\/\/sweetiq.com\/wp-content\/uploads\/2018\/01\/1600px-x-970px_Main-Page-Header.png\" \/>\n\t<meta property=\"og:image:width\" content=\"1600\" \/>\n\t<meta property=\"og:image:height\" content=\"970\" \/>\n\t<meta property=\"og:image:type\" content=\"image\/png\" \/>\n<meta name=\"twitter:card\" content=\"summary_large_image\" \/>\n<meta name=\"twitter:label1\" content=\"Est. reading time\" \/>\n\t<meta name=\"twitter:data1\" content=\"1 minute\" \/>\n<script type=\"application\/ld+json\" class=\"yoast-schema-graph\">{\"@context\":\"https:\\\/\\\/schema.org\",\"@graph\":[{\"@type\":\"WebPage\",\"@id\":\"https:\\\/\\\/sweetiq.com\\\/fr\\\/nos-produits\\\/\",\"url\":\"https:\\\/\\\/sweetiq.com\\\/fr\\\/nos-produits\\\/\",\"name\":\"Nos produits | SweetIQ\",\"isPartOf\":{\"@id\":\"https:\\\/\\\/sweetiq.com\\\/#website\"},\"datePublished\":\"2016-08-17T07:37:15+00:00\",\"dateModified\":\"2020-09-28T13:49:50+00:00\",\"description\":\"Notre plateforme de marketing local poss\u00e8de de nombreuses caract\u00e9ristiques pertinentes pour veiller sur vos marques, succursales, industrie et comp\u00e9titeurs.\",\"breadcrumb\":{\"@id\":\"https:\\\/\\\/sweetiq.com\\\/fr\\\/nos-produits\\\/#breadcrumb\"},\"inLanguage\":\"fr-FR\",\"potentialAction\":[{\"@type\":\"ReadAction\",\"target\":[\"https:\\\/\\\/sweetiq.com\\\/fr\\\/nos-produits\\\/\"]}]},{\"@type\":\"BreadcrumbList\",\"@id\":\"https:\\\/\\\/sweetiq.com\\\/fr\\\/nos-produits\\\/#breadcrumb\",\"itemListElement\":[{\"@type\":\"ListItem\",\"position\":1,\"name\":\"Home\",\"item\":\"https:\\\/\\\/sweetiq.com\\\/fr\\\/\"},{\"@type\":\"ListItem\",\"position\":2,\"name\":\"Nos produits\"}]},{\"@type\":\"WebSite\",\"@id\":\"https:\\\/\\\/sweetiq.com\\\/#website\",\"url\":\"https:\\\/\\\/sweetiq.com\\\/\",\"name\":\"SweetIQ\",\"description\":\"Local Marketing Platform\",\"potentialAction\":[{\"@type\":\"SearchAction\",\"target\":{\"@type\":\"EntryPoint\",\"urlTemplate\":\"https:\\\/\\\/sweetiq.com\\\/?s={search_term_string}\"},\"query-input\":{\"@type\":\"PropertyValueSpecification\",\"valueRequired\":true,\"valueName\":\"search_term_string\"}}],\"inLanguage\":\"fr-FR\"}]}<\/script>\n<!-- \/ Yoast SEO plugin. -->","yoast_head_json":{"title":"Nos produits | SweetIQ","description":"Notre plateforme de marketing local poss\u00e8de de nombreuses caract\u00e9ristiques pertinentes pour veiller sur vos marques, succursales, industrie et comp\u00e9titeurs.","robots":{"index":"index","follow":"follow","max-snippet":"max-snippet:-1","max-image-preview":"max-image-preview:large","max-video-preview":"max-video-preview:-1"},"canonical":"https:\/\/sweetiq.com\/fr\/nos-produits\/","og_locale":"fr_FR","og_type":"article","og_title":"Nos produits | SweetIQ","og_description":"Notre plateforme de marketing local poss\u00e8de de nombreuses caract\u00e9ristiques pertinentes pour veiller sur vos marques, succursales, industrie et comp\u00e9titeurs.","og_url":"https:\/\/sweetiq.com\/fr\/nos-produits\/","og_site_name":"SweetIQ","article_modified_time":"2020-09-28T13:49:50+00:00","og_image":[{"width":1600,"height":970,"url":"https:\/\/sweetiq.com\/wp-content\/uploads\/2018\/01\/1600px-x-970px_Main-Page-Header.png","type":"image\/png"}],"twitter_card":"summary_large_image","twitter_misc":{"Est. reading time":"1 minute"},"schema":{"@context":"https:\/\/schema.org","@graph":[{"@type":"WebPage","@id":"https:\/\/sweetiq.com\/fr\/nos-produits\/","url":"https:\/\/sweetiq.com\/fr\/nos-produits\/","name":"Nos produits | SweetIQ","isPartOf":{"@id":"https:\/\/sweetiq.com\/#website"},"datePublished":"2016-08-17T07:37:15+00:00","dateModified":"2020-09-28T13:49:50+00:00","description":"Notre plateforme de marketing local poss\u00e8de de nombreuses caract\u00e9ristiques pertinentes pour veiller sur vos marques, succursales, industrie et comp\u00e9titeurs.","breadcrumb":{"@id":"https:\/\/sweetiq.com\/fr\/nos-produits\/#breadcrumb"},"inLanguage":"fr-FR","potentialAction":[{"@type":"ReadAction","target":["https:\/\/sweetiq.com\/fr\/nos-produits\/"]}]},{"@type":"BreadcrumbList","@id":"https:\/\/sweetiq.com\/fr\/nos-produits\/#breadcrumb","itemListElement":[{"@type":"ListItem","position":1,"name":"Home","item":"https:\/\/sweetiq.com\/fr\/"},{"@type":"ListItem","position":2,"name":"Nos produits"}]},{"@type":"WebSite","@id":"https:\/\/sweetiq.com\/#website","url":"https:\/\/sweetiq.com\/","name":"SweetIQ","description":"Local Marketing Platform","potentialAction":[{"@type":"SearchAction","target":{"@type":"EntryPoint","urlTemplate":"https:\/\/sweetiq.com\/?s={search_term_string}"},"query-input":{"@type":"PropertyValueSpecification","valueRequired":true,"valueName":"search_term_string"}}],"inLanguage":"fr-FR"}]}},"_links":{"self":[{"href":"https:\/\/sweetiq.com\/fr\/wp-json\/wp\/v2\/pages\/702","targetHints":{"allow":["GET"]}}],"collection":[{"href":"https:\/\/sweetiq.com\/fr\/wp-json\/wp\/v2\/pages"}],"about":[{"href":"https:\/\/sweetiq.com\/fr\/wp-json\/wp\/v2\/types\/page"}],"author":[{"embeddable":true,"href":"https:\/\/sweetiq.com\/fr\/wp-json\/wp\/v2\/users\/45"}],"replies":[{"embeddable":true,"href":"https:\/\/sweetiq.com\/fr\/wp-json\/wp\/v2\/comments?post=702"}],"version-history":[{"count":61,"href":"https:\/\/sweetiq.com\/fr\/wp-json\/wp\/v2\/pages\/702\/revisions"}],"predecessor-version":[{"id":33257,"href":"https:\/\/sweetiq.com\/fr\/wp-json\/wp\/v2\/pages\/702\/revisions\/33257"}],"wp:attachment":[{"href":"https:\/\/sweetiq.com\/fr\/wp-json\/wp\/v2\/media?parent=702"}],"curies":[{"name":"wp","href":"https:\/\/api.w.org\/{rel}","templated":true}]}}